{"id":657,"date":"2025-01-14T12:22:19","date_gmt":"2025-01-14T18:22:19","guid":{"rendered":"https:\/\/nicaraguancc.com\/?page_id=657"},"modified":"2025-01-14T13:18:09","modified_gmt":"2025-01-14T19:18:09","slug":"657-2","status":"publish","type":"page","link":"https:\/\/nicaraguancc.com\/en\/657-2\/","title":{"rendered":"PRIVACY"},"content":{"rendered":"<div class=\"wp-block-group is-layout-constrained wp-container-core-group-is-layout-d495acea wp-block-group-is-layout-constrained\" style=\"margin-top:var(--wp--preset--spacing--80);padding-right:var(--wp--preset--spacing--40);padding-left:var(--wp--preset--spacing--40)\">\n<h1 class=\"wp-block-heading has-text-align-center\"><strong>Privacy Policy<\/strong><\/h1>\n<\/div>\n\n\n\n<div class=\"wp-block-group is-layout-constrained wp-container-core-group-is-layout-8d4d7720 wp-block-group-is-layout-constrained\" style=\"margin-top:var(--wp--preset--spacing--80);margin-bottom:var(--wp--preset--spacing--80);padding-right:var(--wp--preset--spacing--40);padding-left:var(--wp--preset--spacing--40)\">\n<h3 class=\"wp-block-heading\"><strong>Introduction<\/strong><\/h3>\n\n\n\n<p>At NCC, we are committed to protecting the privacy of our users. This privacy policy describes how we collect, use and protect the personal information you provide through our contact form.<\/p>\n\n\n\n<h3 class=\"wp-block-heading\"><strong>Information we collect<\/strong><\/h3>\n\n\n\n<p>We only collect the following personal information through our contact form:<\/p>\n\n\n\n<ul class=\"wp-block-list\">\n<li>Name<\/li>\n\n\n\n<li>Email<\/li>\n<\/ul>\n\n\n\n<h3 class=\"wp-block-heading\"><strong>Use of information<\/strong><\/h3>\n\n\n\n<p>The information we collect will be used exclusively to:<\/p>\n\n\n\n<ul class=\"wp-block-list\">\n<li>Responder a tus consultas enviadas a trav\u00e9s del formulario de contacto.<\/li>\n\n\n\n<li>Mantener una comunicaci\u00f3n efectiva contigo, si fuera necesario.<\/li>\n<\/ul>\n\n\n\n<h3 class=\"wp-block-heading\"><strong>Protecci\u00f3n de la informaci\u00f3n<\/strong><\/h3>\n\n\n\n<p>Adoptamos medidas de seguridad razonables para proteger tu informaci\u00f3n personal frente a accesos no autorizados, usos indebidos o divulgaci\u00f3n. No compartimos, vendemos ni cedemos tu informaci\u00f3n a terceros.<\/p>\n\n\n\n<h3 class=\"wp-block-heading\"><strong>Data retention<\/strong><\/h3>\n\n\n\n<p>The information collected will be stored only for as long as necessary to fulfill the purposes specified in this policy or as required by applicable laws.<\/p>\n\n\n\n<h3 class=\"wp-block-heading\"><strong>User rights<\/strong><\/h3>\n\n\n\n<p>Tienes derecho a:<\/p>\n\n\n\n<ul class=\"wp-block-list\">\n<li>Acceder, rectificar o solicitar la eliminaci\u00f3n de tu informaci\u00f3n personal.<\/li>\n\n\n\n<li>Retirar tu consentimiento para el tratamiento de tus datos en cualquier momento.<\/li>\n<\/ul>\n\n\n\n<p>Para ejercer tus derechos, por favor cont\u00e1ctanos a trav\u00e9s de compras@nicaraguancc.com.<\/p>\n\n\n\n<h3 class=\"wp-block-heading\"><strong>Cambios en esta pol\u00edtica de privacidad<\/strong><\/h3>\n\n\n\n<p>We reserve the right to modify this privacy policy at any time. Any changes will be published on this page with an update date.<\/p>\n\n\n\n<h3 class=\"wp-block-heading\"><strong>Contact<\/strong><\/h3>\n\n\n\n<p>If you have any questions or concerns about this privacy policy, please do not hesitate to contact us atcompras@nicaraguancc.com.<\/p>\n\n\n\n<p>Last update date: 01\/14\/2025.<\/p>\n<\/div>","protected":false},"excerpt":{"rendered":"<p>Pol\u00edtica de Privacidad Introducci\u00f3n En NCC, estamos comprometidos con la protecci\u00f3n de la privacidad de nuestros usuarios. Esta pol\u00edtica de privacidad describe c\u00f3mo recopilamos, usamos y protegemos la informaci\u00f3n personal que proporcionas a trav\u00e9s de nuestro formulario de contacto. Informaci\u00f3n que recopilamos Solo recopilamos la siguiente informaci\u00f3n personal mediante nuestro formulario de contacto: Uso de [&hellip;]<\/p>","protected":false},"author":1,"featured_media":0,"parent":0,"menu_order":0,"comment_status":"closed","ping_status":"closed","template":"","meta":{"footnotes":""},"class_list":["post-657","page","type-page","status-publish","hentry"],"_links":{"self":[{"href":"https:\/\/nicaraguancc.com\/en\/wp-json\/wp\/v2\/pages\/657","targetHints":{"allow":["GET"]}}],"collection":[{"href":"https:\/\/nicaraguancc.com\/en\/wp-json\/wp\/v2\/pages"}],"about":[{"href":"https:\/\/nicaraguancc.com\/en\/wp-json\/wp\/v2\/types\/page"}],"author":[{"embeddable":true,"href":"https:\/\/nicaraguancc.com\/en\/wp-json\/wp\/v2\/users\/1"}],"replies":[{"embeddable":true,"href":"https:\/\/nicaraguancc.com\/en\/wp-json\/wp\/v2\/comments?post=657"}],"version-history":[{"count":11,"href":"https:\/\/nicaraguancc.com\/en\/wp-json\/wp\/v2\/pages\/657\/revisions"}],"predecessor-version":[{"id":670,"href":"https:\/\/nicaraguancc.com\/en\/wp-json\/wp\/v2\/pages\/657\/revisions\/670"}],"wp:attachment":[{"href":"https:\/\/nicaraguancc.com\/en\/wp-json\/wp\/v2\/media?parent=657"}],"curies":[{"name":"wp","href":"https:\/\/api.w.org\/{rel}","templated":true}]}}