{"id":23,"date":"2025-01-03T03:29:52","date_gmt":"2025-01-03T03:29:52","guid":{"rendered":"https:\/\/nicaraguancc.com\/?page_id=23"},"modified":"2025-03-07T09:21:51","modified_gmt":"2025-03-07T15:21:51","slug":"productos","status":"publish","type":"page","link":"https:\/\/nicaraguancc.com\/en\/productos\/","title":{"rendered":"Products"},"content":{"rendered":"<div class=\"wp-block-group is-layout-constrained wp-container-core-group-is-layout-582ef926 wp-block-group-is-layout-constrained\" style=\"margin-top:var(--wp--preset--spacing--60);margin-bottom:var(--wp--preset--spacing--60)\">\n<h1 class=\"wp-block-heading has-text-align-center\">OUR PRODUCTS<\/h1>\n\n\n\n<p class=\"has-text-align-center has-medium-font-size\">At NCC, we specialize in the export of high-quality agricultural products that are essential for various sectors. Discover below the products we offer, their origin and the benefits they bring to your business.<\/p>\n<\/div>\n\n\n\n<div class=\"wp-block-group is-layout-constrained wp-container-core-group-is-layout-5278c4e2 wp-block-group-is-layout-constrained\" style=\"margin-top:var(--wp--preset--spacing--80);margin-bottom:var(--wp--preset--spacing--40);padding-right:var(--wp--preset--spacing--40);padding-left:var(--wp--preset--spacing--40)\">\n<div class=\"wp-block-columns is-layout-flex wp-container-core-columns-is-layout-03caeaf0 wp-block-columns-is-layout-flex\" style=\"margin-top:0;margin-bottom:var(--wp--preset--spacing--60)\">\n<div class=\"wp-block-column is-layout-flow wp-block-column-is-layout-flow\" style=\"flex-basis:50%\">\n<div class=\"wp-block-columns ncc-product-background ncc-product-background--cafe is-layout-flex wp-container-core-columns-is-layout-7fc3d43a wp-block-columns-is-layout-flex\">\n<div class=\"wp-block-column is-layout-constrained wp-container-core-column-is-layout-a763ec69 wp-block-column-is-layout-constrained\" style=\"flex-basis:50%\">\n<figure class=\"wp-block-image size-full\"><img loading=\"lazy\" decoding=\"async\" width=\"482\" height=\"497\" src=\"https:\/\/nicaraguancc.com\/wp-content\/uploads\/2025\/01\/cafe-blanco.png\" alt=\"\" class=\"wp-image-556\" srcset=\"https:\/\/nicaraguancc.com\/wp-content\/uploads\/2025\/01\/cafe-blanco.png 482w, https:\/\/nicaraguancc.com\/wp-content\/uploads\/2025\/01\/cafe-blanco-291x300.png 291w, https:\/\/nicaraguancc.com\/wp-content\/uploads\/2025\/01\/cafe-blanco-12x12.png 12w\" sizes=\"auto, (max-width: 482px) 100vw, 482px\" \/><\/figure>\n<\/div>\n\n\n\n<div class=\"wp-block-column is-layout-flow wp-block-column-is-layout-flow\" style=\"flex-basis:70%\">\n<h3 class=\"wp-block-heading has-titillium-web-semibold-font-family has-x-large-font-size wp-container-content-9cfa9a5a\" style=\"font-style:normal;font-weight:600\">COFFEE<\/h3>\n\n\n\n<p class=\"wp-container-content-9cfa9a5a\">El caf\u00e9 que exportamos proviene de las mejores regiones productoras. Este caf\u00e9 es cultivado en condiciones \u00f3ptimas, lo que le otorga un sabor \u00fanico y una calidad superior.<\/p>\n<\/div>\n<\/div>\n<\/div>\n\n\n\n<div class=\"wp-block-column is-layout-flow wp-block-column-is-layout-flow\" style=\"flex-basis:50%\">\n<div class=\"wp-block-columns ncc-product-background ncc-product-background--maiz is-layout-flex wp-container-core-columns-is-layout-28f84493 wp-block-columns-is-layout-flex\">\n<div class=\"wp-block-column is-layout-constrained wp-container-core-column-is-layout-a763ec69 wp-block-column-is-layout-constrained\" style=\"flex-basis:50%\">\n<figure class=\"wp-block-image size-full\"><img loading=\"lazy\" decoding=\"async\" width=\"442\" height=\"532\" src=\"https:\/\/nicaraguancc.com\/wp-content\/uploads\/2025\/01\/maiz.png\" alt=\"\" class=\"wp-image-553\" style=\"object-fit:cover\" srcset=\"https:\/\/nicaraguancc.com\/wp-content\/uploads\/2025\/01\/maiz.png 442w, https:\/\/nicaraguancc.com\/wp-content\/uploads\/2025\/01\/maiz-249x300.png 249w, https:\/\/nicaraguancc.com\/wp-content\/uploads\/2025\/01\/maiz-10x12.png 10w\" sizes=\"auto, (max-width: 442px) 100vw, 442px\" \/><\/figure>\n<\/div>\n\n\n\n<div class=\"wp-block-column is-layout-flow wp-block-column-is-layout-flow\" style=\"flex-basis:70%\">\n<h3 class=\"wp-block-heading has-x-large-font-size\">CORN<\/h3>\n\n\n\n<p>The corn we export is of high quality, grown on fertile lands and with an ideal climate. It is ideal for the food industry, animal feed production and other industrial uses.<\/p>\n<\/div>\n<\/div>\n<\/div>\n<\/div>\n\n\n\n<div class=\"wp-block-columns is-layout-flex wp-container-core-columns-is-layout-9aac0a4a wp-block-columns-is-layout-flex\" style=\"margin-top:0;margin-bottom:0\">\n<div class=\"wp-block-column is-layout-flow wp-block-column-is-layout-flow\" style=\"flex-basis:50%\">\n<div class=\"wp-block-columns ncc-product-background ncc-product-background--frijol is-layout-flex wp-container-core-columns-is-layout-28f84493 wp-block-columns-is-layout-flex\">\n<div class=\"wp-block-column is-layout-constrained wp-container-core-column-is-layout-a763ec69 wp-block-column-is-layout-constrained\" style=\"flex-basis:50%\">\n<figure class=\"wp-block-image size-full\"><img loading=\"lazy\" decoding=\"async\" width=\"491\" height=\"564\" src=\"https:\/\/nicaraguancc.com\/wp-content\/uploads\/2025\/01\/beans-blanco.png\" alt=\"\" class=\"wp-image-554\" style=\"object-fit:cover\" srcset=\"https:\/\/nicaraguancc.com\/wp-content\/uploads\/2025\/01\/beans-blanco.png 491w, https:\/\/nicaraguancc.com\/wp-content\/uploads\/2025\/01\/beans-blanco-261x300.png 261w, https:\/\/nicaraguancc.com\/wp-content\/uploads\/2025\/01\/beans-blanco-10x12.png 10w\" sizes=\"auto, (max-width: 491px) 100vw, 491px\" \/><\/figure>\n<\/div>\n\n\n\n<div class=\"wp-block-column is-layout-flow wp-block-column-is-layout-flow\" style=\"flex-basis:70%\">\n<h3 class=\"wp-block-heading has-x-large-font-size\">Bean<\/h3>\n\n\n\n<p>El frijol rojo seda es una variedad de frijol alto en hierro con una textura suave y un sabor delicado. Este frijol es muy valorado por su versatilidad en la cocina y su alto contenido nutricional.<\/p>\n<\/div>\n<\/div>\n<\/div>\n\n\n\n<div class=\"wp-block-column is-layout-flow wp-block-column-is-layout-flow\" style=\"flex-basis:50%\">\n<div class=\"wp-block-columns ncc-product-background ncc-product-background--cacao is-layout-flex wp-container-core-columns-is-layout-28f84493 wp-block-columns-is-layout-flex\">\n<div class=\"wp-block-column is-layout-constrained wp-container-core-column-is-layout-a763ec69 wp-block-column-is-layout-constrained\" style=\"flex-basis:50%\">\n<figure class=\"wp-block-image size-full\"><img loading=\"lazy\" decoding=\"async\" width=\"381\" height=\"462\" src=\"https:\/\/nicaraguancc.com\/wp-content\/uploads\/2025\/01\/cacao-blanco.png\" alt=\"\" class=\"wp-image-555\" style=\"object-fit:cover\" srcset=\"https:\/\/nicaraguancc.com\/wp-content\/uploads\/2025\/01\/cacao-blanco.png 381w, https:\/\/nicaraguancc.com\/wp-content\/uploads\/2025\/01\/cacao-blanco-247x300.png 247w, https:\/\/nicaraguancc.com\/wp-content\/uploads\/2025\/01\/cacao-blanco-10x12.png 10w\" sizes=\"auto, (max-width: 381px) 100vw, 381px\" \/><\/figure>\n<\/div>\n\n\n\n<div class=\"wp-block-column is-layout-flow wp-block-column-is-layout-flow\" style=\"flex-basis:50%\">\n<h3 class=\"wp-block-heading has-x-large-font-size\">cocoa<\/h3>\n\n\n\n<p>Our cocoa comes from the best certified farms, where it is grown with care and in harmony with the environment. This cocoa has a deep flavor and quality that makes it a favorite in chocolate shops and the food industry.<\/p>\n<\/div>\n<\/div>\n<\/div>\n<\/div>\n<\/div>\n\n\n\n<div class=\"wp-block-group is-layout-constrained wp-container-core-group-is-layout-1bb8b5e8 wp-block-group-is-layout-constrained\" style=\"margin-bottom:var(--wp--preset--spacing--80);padding-top:var(--wp--preset--spacing--40);padding-right:var(--wp--preset--spacing--40);padding-bottom:var(--wp--preset--spacing--40);padding-left:var(--wp--preset--spacing--40)\">\n<div class=\"wp-block-group is-content-justification-center is-layout-constrained wp-container-core-group-is-layout-152d9f57 wp-block-group-is-layout-constrained\" style=\"margin-top:var(--wp--preset--spacing--80);margin-bottom:var(--wp--preset--spacing--80)\">\n<h2 class=\"wp-block-heading has-text-align-center\">Why Choose Our Products<\/h2>\n\n\n\n<p class=\"has-text-align-center has-medium-font-size\">At NCC, we not only offer high-quality agricultural products but also long-term solutions for your business needs. By working with us, you get:<\/p>\n<\/div>\n\n\n\n<div class=\"wp-block-columns is-layout-flex wp-container-core-columns-is-layout-7fc3d43a wp-block-columns-is-layout-flex\">\n<div class=\"wp-block-column ncc-column-left-bar ncc-column-left-bar--green is-layout-flow wp-block-column-is-layout-flow\" style=\"border-width:1px;border-radius:10px;padding-top:var(--wp--preset--spacing--40);padding-right:var(--wp--preset--spacing--40);padding-bottom:var(--wp--preset--spacing--40);padding-left:var(--wp--preset--spacing--40);flex-basis:33.34%\">\n<div class=\"wp-block-group is-vertical is-layout-flex wp-container-core-group-is-layout-05b43539 wp-block-group-is-layout-flex\" style=\"border-style:none;border-width:0px;border-radius:0px;margin-top:0;margin-bottom:0\">\n<h3 class=\"wp-block-heading has-text-align-center has-medium-font-size\">Reliable supply<\/h3>\n\n\n\n<p>We are a company committed to meeting deadlines and the quality of our products.<\/p>\n<\/div>\n<\/div>\n\n\n\n<div class=\"wp-block-column ncc-column-left-bar ncc-column-left-bar--yellow is-layout-flow wp-block-column-is-layout-flow\" style=\"border-width:1px;border-radius:10px;padding-top:var(--wp--preset--spacing--40);padding-right:var(--wp--preset--spacing--40);padding-bottom:var(--wp--preset--spacing--40);padding-left:var(--wp--preset--spacing--40);flex-basis:33.34%\">\n<div class=\"wp-block-group is-vertical is-layout-flex wp-container-core-group-is-layout-05b43539 wp-block-group-is-layout-flex\" style=\"margin-top:0;margin-bottom:0\">\n<h3 class=\"wp-block-heading has-text-align-center has-medium-font-size\">Competitive prices<\/h3>\n\n\n\n<p>Thanks to our direct relationships with producers, we offer fair and affordable prices for wholesale purchases.<\/p>\n<\/div>\n<\/div>\n\n\n\n<div class=\"wp-block-column ncc-column-left-bar ncc-column-left-bar--blue is-layout-flow wp-block-column-is-layout-flow\" style=\"border-width:1px;border-radius:10px;padding-top:var(--wp--preset--spacing--40);padding-right:var(--wp--preset--spacing--40);padding-bottom:var(--wp--preset--spacing--40);padding-left:var(--wp--preset--spacing--40);flex-basis:33.33%\">\n<div class=\"wp-block-group is-vertical is-layout-flex wp-container-core-group-is-layout-40f5052d wp-block-group-is-layout-flex\" style=\"padding-top:0;padding-bottom:0\">\n<h3 class=\"wp-block-heading has-text-align-center has-medium-font-size\">Sustainability<\/h3>\n\n\n\n<p>We promote fair trade and responsible agriculture, which contributes to the development of producing communities and the care of the environment.<\/p>\n<\/div>\n<\/div>\n<\/div>\n<\/div>","protected":false},"excerpt":{"rendered":"<p>NUESTROS PRODUCTOS En NCC, nos especializamos en la exportaci\u00f3n de productos agr\u00edcolas de alta calidad que son esenciales para diversos sectores. Descubre a continuaci\u00f3n los productos que ofrecemos, su origen y los beneficios que aportan a tu negocio. cafe El caf\u00e9 que exportamos proviene de las mejores regiones productoras. Este caf\u00e9 es cultivado en condiciones [&hellip;]<\/p>","protected":false},"author":1,"featured_media":0,"parent":0,"menu_order":0,"comment_status":"closed","ping_status":"closed","template":"","meta":{"footnotes":""},"class_list":["post-23","page","type-page","status-publish","hentry"],"_links":{"self":[{"href":"https:\/\/nicaraguancc.com\/en\/wp-json\/wp\/v2\/pages\/23","targetHints":{"allow":["GET"]}}],"collection":[{"href":"https:\/\/nicaraguancc.com\/en\/wp-json\/wp\/v2\/pages"}],"about":[{"href":"https:\/\/nicaraguancc.com\/en\/wp-json\/wp\/v2\/types\/page"}],"author":[{"embeddable":true,"href":"https:\/\/nicaraguancc.com\/en\/wp-json\/wp\/v2\/users\/1"}],"replies":[{"embeddable":true,"href":"https:\/\/nicaraguancc.com\/en\/wp-json\/wp\/v2\/comments?post=23"}],"version-history":[{"count":134,"href":"https:\/\/nicaraguancc.com\/en\/wp-json\/wp\/v2\/pages\/23\/revisions"}],"predecessor-version":[{"id":753,"href":"https:\/\/nicaraguancc.com\/en\/wp-json\/wp\/v2\/pages\/23\/revisions\/753"}],"wp:attachment":[{"href":"https:\/\/nicaraguancc.com\/en\/wp-json\/wp\/v2\/media?parent=23"}],"curies":[{"name":"wp","href":"https:\/\/api.w.org\/{rel}","templated":true}]}}