{"id":21,"date":"2025-01-03T03:29:26","date_gmt":"2025-01-03T03:29:26","guid":{"rendered":"https:\/\/nicaraguancc.com\/?page_id=21"},"modified":"2025-05-20T10:17:34","modified_gmt":"2025-05-20T16:17:34","slug":"sobre-nosotros","status":"publish","type":"page","link":"https:\/\/nicaraguancc.com\/en\/sobre-nosotros\/","title":{"rendered":"About Us"},"content":{"rendered":"<div class=\"wp-block-group is-layout-constrained wp-container-core-group-is-layout-1d329869 wp-block-group-is-layout-constrained\" style=\"margin-top:var(--wp--preset--spacing--60);padding-top:0;padding-right:var(--wp--preset--spacing--40);padding-bottom:var(--wp--preset--spacing--70);padding-left:var(--wp--preset--spacing--40)\">\n<h1 class=\"wp-block-heading has-text-align-center\">sobre nosotros<\/h1>\n\n\n\n<div style=\"height:59px\" aria-hidden=\"true\" class=\"wp-block-spacer\"><\/div>\n\n\n\n<div class=\"wp-block-group is-vertical is-content-justification-center is-layout-flex wp-container-core-group-is-layout-eee6a810 wp-block-group-is-layout-flex\">\n<figure class=\"wp-block-image alignfull size-full has-custom-border\"><img loading=\"lazy\" decoding=\"async\" width=\"800\" height=\"451\" src=\"https:\/\/nicaraguancc.com\/wp-content\/uploads\/2025\/03\/ncc-team.webp\" alt=\"\" class=\"wp-image-743\" style=\"border-radius:35px\" srcset=\"https:\/\/nicaraguancc.com\/wp-content\/uploads\/2025\/03\/ncc-team.webp 800w, https:\/\/nicaraguancc.com\/wp-content\/uploads\/2025\/03\/ncc-team-300x169.webp 300w, https:\/\/nicaraguancc.com\/wp-content\/uploads\/2025\/03\/ncc-team-768x433.webp 768w, https:\/\/nicaraguancc.com\/wp-content\/uploads\/2025\/03\/ncc-team-18x10.webp 18w\" sizes=\"auto, (max-width: 800px) 100vw, 800px\" \/><\/figure>\n\n\n\n<div class=\"wp-block-group is-layout-constrained wp-container-core-group-is-layout-890fcf32 wp-block-group-is-layout-constrained\">\n<p>En Nicaraguan Commodities company, somos una empresa exportadora dedicada a llevar la calidad de nuestros productos m\u00e1s all\u00e1 de las fronteras. Con una visi\u00f3n global y un firme compromiso con la excelencia, conectamos productores locales con mercados internacionales, promoviendo el comercio responsable, sostenible y eficiente.<\/p>\n\n\n\n<p>Nuestra experiencia en log\u00edstica, normativas internacionales y relaciones comerciales nos permite ofrecer un servicio integral que garantiza cumplimiento, puntualidad y confianza en cada operaci\u00f3n. Trabajamos con transparencia, construyendo alianzas duraderas con nuestros clientes y proveedores alrededor del mundo.<\/p>\n\n\n\n<p>Creemos en el poder del comercio exterior como motor de desarrollo, y estamos orgullosos de ser un puente entre la producci\u00f3n nacional y las oportunidades globales.<\/p>\n<\/div>\n<\/div>\n\n\n\n<div style=\"height:100px\" aria-hidden=\"true\" class=\"wp-block-spacer\"><\/div>\n<\/div>","protected":false},"excerpt":{"rendered":"<p>sobre nosotros En Nicaraguan Commodities company, somos una empresa exportadora dedicada a llevar la calidad de nuestros productos m\u00e1s all\u00e1 de las fronteras. Con una visi\u00f3n global y un firme compromiso con la excelencia, conectamos productores locales con mercados internacionales, promoviendo el comercio responsable, sostenible y eficiente. Nuestra experiencia en log\u00edstica, normativas internacionales y relaciones [&hellip;]<\/p>","protected":false},"author":1,"featured_media":0,"parent":0,"menu_order":0,"comment_status":"closed","ping_status":"closed","template":"","meta":{"footnotes":""},"class_list":["post-21","page","type-page","status-publish","hentry"],"_links":{"self":[{"href":"https:\/\/nicaraguancc.com\/en\/wp-json\/wp\/v2\/pages\/21","targetHints":{"allow":["GET"]}}],"collection":[{"href":"https:\/\/nicaraguancc.com\/en\/wp-json\/wp\/v2\/pages"}],"about":[{"href":"https:\/\/nicaraguancc.com\/en\/wp-json\/wp\/v2\/types\/page"}],"author":[{"embeddable":true,"href":"https:\/\/nicaraguancc.com\/en\/wp-json\/wp\/v2\/users\/1"}],"replies":[{"embeddable":true,"href":"https:\/\/nicaraguancc.com\/en\/wp-json\/wp\/v2\/comments?post=21"}],"version-history":[{"count":16,"href":"https:\/\/nicaraguancc.com\/en\/wp-json\/wp\/v2\/pages\/21\/revisions"}],"predecessor-version":[{"id":763,"href":"https:\/\/nicaraguancc.com\/en\/wp-json\/wp\/v2\/pages\/21\/revisions\/763"}],"wp:attachment":[{"href":"https:\/\/nicaraguancc.com\/en\/wp-json\/wp\/v2\/media?parent=21"}],"curies":[{"name":"wp","href":"https:\/\/api.w.org\/{rel}","templated":true}]}}